{"id":763,"date":"2023-08-31T14:53:08","date_gmt":"2023-08-31T18:53:08","guid":{"rendered":"https:\/\/signaletik.ca\/privacy-policy\/"},"modified":"2026-01-30T10:48:42","modified_gmt":"2026-01-30T15:48:42","slug":"privacy-policy","status":"publish","type":"page","link":"https:\/\/signaletik.ca\/en\/privacy-policy\/","title":{"rendered":"Privacy Policy"},"content":{"rendered":"\t\t<div data-elementor-type=\"wp-page\" data-elementor-id=\"763\" class=\"elementor elementor-763 elementor-750\" data-elementor-post-type=\"page\">\n\t\t\t\t\t\t<section class=\"elementor-section elementor-top-section elementor-element elementor-element-cb94b8f elementor-section-full_width elementor-section-height-min-height elementor-section-items-stretch elementor-section-height-default\" data-id=\"cb94b8f\" data-element_type=\"section\" data-e-type=\"section\">\n\t\t\t\t\t\t<div class=\"elementor-container elementor-column-gap-no\">\n\t\t\t\t\t<div class=\"elementor-column elementor-col-50 elementor-top-column elementor-element elementor-element-25138be\" data-id=\"25138be\" data-element_type=\"column\" data-e-type=\"column\" data-settings=\"{&quot;background_background&quot;:&quot;classic&quot;}\">\n\t\t\t<div class=\"elementor-widget-wrap elementor-element-populated\">\n\t\t\t\t\t\t<div class=\"elementor-element elementor-element-afda252 elementor-widget elementor-widget-spacer\" data-id=\"afda252\" data-element_type=\"widget\" data-e-type=\"widget\" data-widget_type=\"spacer.default\">\n\t\t\t\t<div class=\"elementor-widget-container\">\n\t\t\t\t\t\t\t<div class=\"elementor-spacer\">\n\t\t\t<div class=\"elementor-spacer-inner\"><\/div>\n\t\t<\/div>\n\t\t\t\t\t\t<\/div>\n\t\t\t\t<\/div>\n\t\t\t\t\t<\/div>\n\t\t<\/div>\n\t\t\t\t<div class=\"elementor-column elementor-col-50 elementor-top-column elementor-element elementor-element-c488d86\" data-id=\"c488d86\" data-element_type=\"column\" data-e-type=\"column\" data-settings=\"{&quot;background_background&quot;:&quot;classic&quot;}\">\n\t\t\t<div class=\"elementor-widget-wrap elementor-element-populated\">\n\t\t\t\t\t<div class=\"elementor-background-overlay\"><\/div>\n\t\t\t\t\t\t<div class=\"elementor-element elementor-element-14f866f elementor-widget elementor-widget-spacer\" data-id=\"14f866f\" data-element_type=\"widget\" data-e-type=\"widget\" data-widget_type=\"spacer.default\">\n\t\t\t\t<div class=\"elementor-widget-container\">\n\t\t\t\t\t\t\t<div class=\"elementor-spacer\">\n\t\t\t<div class=\"elementor-spacer-inner\"><\/div>\n\t\t<\/div>\n\t\t\t\t\t\t<\/div>\n\t\t\t\t<\/div>\n\t\t\t\t\t<\/div>\n\t\t<\/div>\n\t\t\t\t\t<\/div>\n\t\t<\/section>\n\t\t\t\t<section class=\"elementor-section elementor-top-section elementor-element elementor-element-7507fe1 elementor-section-full_width elementor-section-height-min-height elementor-section-items-stretch elementor-section-height-default\" data-id=\"7507fe1\" data-element_type=\"section\" data-e-type=\"section\">\n\t\t\t\t\t\t<div class=\"elementor-container elementor-column-gap-no\">\n\t\t\t\t\t<div class=\"elementor-column elementor-col-50 elementor-top-column elementor-element elementor-element-0c66e8e\" data-id=\"0c66e8e\" data-element_type=\"column\" data-e-type=\"column\" data-settings=\"{&quot;background_background&quot;:&quot;classic&quot;}\">\n\t\t\t<div class=\"elementor-widget-wrap elementor-element-populated\">\n\t\t\t\t\t\t<div class=\"elementor-element elementor-element-de17134 elementor-widget elementor-widget-spacer\" data-id=\"de17134\" data-element_type=\"widget\" data-e-type=\"widget\" data-widget_type=\"spacer.default\">\n\t\t\t\t<div class=\"elementor-widget-container\">\n\t\t\t\t\t\t\t<div class=\"elementor-spacer\">\n\t\t\t<div class=\"elementor-spacer-inner\"><\/div>\n\t\t<\/div>\n\t\t\t\t\t\t<\/div>\n\t\t\t\t<\/div>\n\t\t\t\t\t<\/div>\n\t\t<\/div>\n\t\t\t\t<div class=\"elementor-column elementor-col-50 elementor-top-column elementor-element elementor-element-409b092\" data-id=\"409b092\" data-element_type=\"column\" data-e-type=\"column\" data-settings=\"{&quot;background_background&quot;:&quot;classic&quot;}\">\n\t\t\t<div class=\"elementor-widget-wrap elementor-element-populated\">\n\t\t\t\t\t\t<div class=\"elementor-element elementor-element-73dbd9d elementor-widget__width-auto elementor-widget elementor-widget-heading\" data-id=\"73dbd9d\" data-element_type=\"widget\" data-e-type=\"widget\" data-widget_type=\"heading.default\">\n\t\t\t\t<div class=\"elementor-widget-container\">\n\t\t\t\t\t<h1 class=\"elementor-heading-title elementor-size-default\">Privacy Policy<\/h1>\t\t\t\t<\/div>\n\t\t\t\t<\/div>\n\t\t\t\t<div class=\"elementor-element elementor-element-c06775e elementor-widget elementor-widget-breadcrumbs\" data-id=\"c06775e\" data-element_type=\"widget\" data-e-type=\"widget\" data-widget_type=\"breadcrumbs.default\">\n\t\t\t\t<div class=\"elementor-widget-container\">\n\t\t\t\t\t<p id=\"breadcrumbs\"><span><span><a href=\"https:\/\/signaletik.ca\/en\/\">Accueil<\/a><\/span><\/span><\/p>\t\t\t\t<\/div>\n\t\t\t\t<\/div>\n\t\t\t\t\t<\/div>\n\t\t<\/div>\n\t\t\t\t\t<\/div>\n\t\t<\/section>\n\t\t\t\t<section class=\"elementor-section elementor-top-section elementor-element elementor-element-cac9552 elementor-section-boxed elementor-section-height-default elementor-section-height-default\" data-id=\"cac9552\" data-element_type=\"section\" data-e-type=\"section\">\n\t\t\t\t\t\t<div class=\"elementor-container elementor-column-gap-default\">\n\t\t\t\t\t<div class=\"elementor-column elementor-col-100 elementor-top-column elementor-element elementor-element-61495a5\" data-id=\"61495a5\" data-element_type=\"column\" data-e-type=\"column\">\n\t\t\t<div class=\"elementor-widget-wrap elementor-element-populated\">\n\t\t\t\t\t\t<section class=\"elementor-section elementor-inner-section elementor-element elementor-element-3d57cf2 elementor-section-boxed elementor-section-height-default elementor-section-height-default\" data-id=\"3d57cf2\" data-element_type=\"section\" data-e-type=\"section\">\n\t\t\t\t\t\t<div class=\"elementor-container elementor-column-gap-default\">\n\t\t\t\t\t<div class=\"elementor-column elementor-col-100 elementor-inner-column elementor-element elementor-element-f9b5234\" data-id=\"f9b5234\" data-element_type=\"column\" data-e-type=\"column\">\n\t\t\t<div class=\"elementor-widget-wrap elementor-element-populated\">\n\t\t\t\t\t\t<div class=\"elementor-element elementor-element-03816d8 elementor-widget elementor-widget-heading\" data-id=\"03816d8\" data-element_type=\"widget\" data-e-type=\"widget\" data-widget_type=\"heading.default\">\n\t\t\t\t<div class=\"elementor-widget-container\">\n\t\t\t\t\t<h2 class=\"elementor-heading-title elementor-size-default\">Signal\u00e9tik<\/h2>\t\t\t\t<\/div>\n\t\t\t\t<\/div>\n\t\t\t\t<div class=\"elementor-element elementor-element-53f95b7 elementor-widget elementor-widget-text-editor\" data-id=\"53f95b7\" data-element_type=\"widget\" data-e-type=\"widget\" data-widget_type=\"text-editor.default\">\n\t\t\t\t<div class=\"elementor-widget-container\">\n\t\t\t\t\t\t\t\t\t<p>Updated: June 1, 2025<\/p>\t\t\t\t\t\t\t\t<\/div>\n\t\t\t\t<\/div>\n\t\t\t\t<div class=\"elementor-element elementor-element-e873922 elementor-widget-divider--view-line elementor-widget elementor-widget-divider\" data-id=\"e873922\" data-element_type=\"widget\" data-e-type=\"widget\" data-widget_type=\"divider.default\">\n\t\t\t\t<div class=\"elementor-widget-container\">\n\t\t\t\t\t\t\t<div class=\"elementor-divider\">\n\t\t\t<span class=\"elementor-divider-separator\">\n\t\t\t\t\t\t<\/span>\n\t\t<\/div>\n\t\t\t\t\t\t<\/div>\n\t\t\t\t<\/div>\n\t\t\t\t<div class=\"elementor-element elementor-element-f161a03 elementor-widget elementor-widget-text-editor\" data-id=\"f161a03\" data-element_type=\"widget\" data-e-type=\"widget\" data-widget_type=\"text-editor.default\">\n\t\t\t\t<div class=\"elementor-widget-container\">\n\t\t\t\t\t\t\t\t\t<p>Signal\u00e9tik is subject to the Act respecting the protection of personal information in the private sector. We take privacy seriously and are committed to complying with the standards set out in this act.<\/p><p><strong>Responsibilities and functioning<\/strong><\/p><p>The General Manager has delegated the role of Privacy Officer (\u201cPO\u201d) to the Human Resources Director, as required by law.<\/p><p>A committee was created in January 2023 to support the PO and track our privacy commitments. The committee will meet at least twice a year or more frequently if needed. This committee is made up of the General Manager, or an employee of their choosing, for each of the following key sectors: human resources, IT, finance and administrative.<\/p><p><strong>Collection of personal information<\/strong><\/p><p>We are committed to only collecting personal information required to carry out our operations. We will inform our employees and collaborators of the purposes for which we are collecting this personal information and will ask for consent, when required, to use or share it.<\/p><p><strong>Disclosure of personal information<\/strong><\/p><p>We will only disclose personal information to third parties when we receive the consent of the person involved.<\/p><p><strong>Privacy<\/strong><\/p><p>We take every reasonable measure to safeguard personal information against any loss, misuse, unauthorized access, disclosure, tampering or disposal.<\/p><p><strong>Retention and disposal of personal information<\/strong><\/p><p>Personal information must be retained in secure, controlled access systems and filing cabinets. Access is restricted to a limited number of employees that absolutely need this information to carry out their work.<\/p><p>Personal information that is no longer required will be disposed of according to a process that is reviewed annually by the committee.<\/p><p><strong>Incident management<\/strong><\/p><p>The PO is responsible for taking all necessary actions when a security incident relating to personal information occurs. They must also maintain an incident log that includes:<\/p><ul><li>the date of the incident and the surrounding circumstances;<\/li><li>the date on which the company became aware of the incident;<\/li><li>the identity of the person who conducted the investigation;<\/li><li>the personal information involved;<\/li><li>how sensitive the information involved is;<\/li><li>the number or estimated number of people affected;<\/li><li>the measures taken to reduce harm;<\/li><li>the date the notice was sent to the Commission de l\u2019acc\u00e8s \u00e0 l\u2019information du Qu\u00e9bec and the people involved; and<\/li><li>the reasons why the company did not disclose the incident, if applicable.<\/li><\/ul><p><strong>Accountability<\/strong><\/p><p>Once a year, the PO will report to company management on the committee&#8217;s activities.<\/p><p><strong>Access to personal information and complaint process<\/strong><\/p><p>All employees and partners are entitled to request access to the personal information we hold, and have it corrected if they deem it to be inaccurate. You can also make a complaint if you determine that your personal information is not handled or retained properly. The PO is responsible for carefully handling all complaints.<\/p><p>Please address your request or complaint to the Privacy Officer.<\/p><p><strong>Contact<\/strong><\/p><p>If you have any questions about this policy or how we manage personal information, please contact our Privacy Officer using the contact information provided below.<\/p><p><strong>Marilyn Marchand<\/strong><br \/>Director of Human Resources and Administration<br \/><strong><a href=\"tel:8196012999\">819 601-2999<\/a><\/strong> ext. 4283<\/p>\t\t\t\t\t\t\t\t<\/div>\n\t\t\t\t<\/div>\n\t\t\t\t<div class=\"elementor-element elementor-element-061a683 elementor-widget-divider--separator-type-pattern elementor-widget-divider--view-line elementor-widget elementor-widget-divider\" data-id=\"061a683\" data-element_type=\"widget\" data-e-type=\"widget\" data-widget_type=\"divider.default\">\n\t\t\t\t<div class=\"elementor-widget-container\">\n\t\t\t\t\t\t\t<div class=\"elementor-divider\" style=\"--divider-pattern-url: url(&quot;data:image\/svg+xml,%3Csvg xmlns=&#039;http:\/\/www.w3.org\/2000\/svg&#039; preserveAspectRatio=&#039;none&#039; overflow=&#039;visible&#039; height=&#039;100%&#039; viewBox=&#039;0 0 20 16&#039; fill=&#039;none&#039; stroke=&#039;black&#039; stroke-width=&#039;1&#039; stroke-linecap=&#039;square&#039; stroke-miterlimit=&#039;10&#039;%3E%3Cg transform=&#039;translate(-12.000000, 0)&#039;%3E%3Cpath d=&#039;M28,0L10,18&#039;\/%3E%3Cpath d=&#039;M18,0L0,18&#039;\/%3E%3Cpath d=&#039;M48,0L30,18&#039;\/%3E%3Cpath d=&#039;M38,0L20,18&#039;\/%3E%3C\/g%3E%3C\/svg%3E&quot;);\">\n\t\t\t<span class=\"elementor-divider-separator\">\n\t\t\t\t\t\t<\/span>\n\t\t<\/div>\n\t\t\t\t\t\t<\/div>\n\t\t\t\t<\/div>\n\t\t\t\t\t<\/div>\n\t\t<\/div>\n\t\t\t\t\t<\/div>\n\t\t<\/section>\n\t\t\t\t\t<\/div>\n\t\t<\/div>\n\t\t\t\t\t<\/div>\n\t\t<\/section>\n\t\t\t\t<\/div>\n\t\t","protected":false},"excerpt":{"rendered":"<p>Signal\u00e9tik Updated: June 1, 2025 Signal\u00e9tik is subject to the Act respecting the protection of personal information in the private sector. We take privacy seriously and are committed to complying with the standards set out in this act. Responsibilities and functioning The General Manager has delegated the role of Privacy Officer (\u201cPO\u201d) to the Human [&hellip;]<\/p>\n","protected":false},"author":1,"featured_media":0,"parent":0,"menu_order":0,"comment_status":"closed","ping_status":"closed","template":"","meta":{"site-sidebar-layout":"no-sidebar","site-content-layout":"page-builder","ast-site-content-layout":"full-width-container","site-content-style":"default","site-sidebar-style":"default","ast-global-header-display":"","ast-banner-title-visibility":"","ast-main-header-display":"","ast-hfb-above-header-display":"","ast-hfb-below-header-display":"","ast-hfb-mobile-header-display":"","site-post-title":"disabled","ast-breadcrumbs-content":"","ast-featured-img":"disabled","footer-sml-layout":"","ast-disable-related-posts":"","theme-transparent-header-meta":"","adv-header-id-meta":"","stick-header-meta":"","header-above-stick-meta":"","header-main-stick-meta":"","header-below-stick-meta":"","astra-migrate-meta-layouts":"default","ast-page-background-enabled":"default","ast-page-background-meta":{"desktop":{"background-color":"var(--ast-global-color-4)","background-image":"","background-repeat":"repeat","background-position":"center center","background-size":"auto","background-attachment":"scroll","background-type":"","background-media":"","overlay-type":"","overlay-color":"","overlay-opacity":"","overlay-gradient":""},"tablet":{"background-color":"","background-image":"","background-repeat":"repeat","background-position":"center center","background-size":"auto","background-attachment":"scroll","background-type":"","background-media":"","overlay-type":"","overlay-color":"","overlay-opacity":"","overlay-gradient":""},"mobile":{"background-color":"","background-image":"","background-repeat":"repeat","background-position":"center center","background-size":"auto","background-attachment":"scroll","background-type":"","background-media":"","overlay-type":"","overlay-color":"","overlay-opacity":"","overlay-gradient":""}},"ast-content-background-meta":{"desktop":{"background-color":"var(--ast-global-color-5)","background-image":"","background-repeat":"repeat","background-position":"center center","background-size":"auto","background-attachment":"scroll","background-type":"","background-media":"","overlay-type":"","overlay-color":"","overlay-opacity":"","overlay-gradient":""},"tablet":{"background-color":"var(--ast-global-color-5)","background-image":"","background-repeat":"repeat","background-position":"center center","background-size":"auto","background-attachment":"scroll","background-type":"","background-media":"","overlay-type":"","overlay-color":"","overlay-opacity":"","overlay-gradient":""},"mobile":{"background-color":"var(--ast-global-color-5)","background-image":"","background-repeat":"repeat","background-position":"center center","background-size":"auto","background-attachment":"scroll","background-type":"","background-media":"","overlay-type":"","overlay-color":"","overlay-opacity":"","overlay-gradient":""}},"footnotes":""},"class_list":["post-763","page","type-page","status-publish","hentry"],"yoast_head":"<!-- This site is optimized with the Yoast SEO plugin v27.6 - https:\/\/yoast.com\/product\/yoast-seo-wordpress\/ -->\n<title>Privacy Policy - Signal\u00e9tik<\/title>\n<meta name=\"description\" content=\"Signal\u00e9tik Updated: June 1, 2025 Signal\u00e9tik is subject to the Act respecting the protection of personal information in the private sector. We take privacy\" \/>\n<meta name=\"robots\" content=\"index, follow, max-snippet:-1, max-image-preview:large, max-video-preview:-1\" \/>\n<link rel=\"canonical\" href=\"https:\/\/signaletik.ca\/en\/privacy-policy\/\" \/>\n<meta property=\"og:locale\" content=\"en_US\" \/>\n<meta property=\"og:type\" content=\"article\" \/>\n<meta property=\"og:title\" content=\"Privacy Policy - Signal\u00e9tik\" \/>\n<meta property=\"og:description\" content=\"Signal\u00e9tik Updated: June 1, 2025 Signal\u00e9tik is subject to the Act respecting the protection of personal information in the private sector. We take privacy\" \/>\n<meta property=\"og:url\" content=\"https:\/\/signaletik.ca\/en\/privacy-policy\/\" \/>\n<meta property=\"og:site_name\" content=\"Signal\u00e9tik\" \/>\n<meta property=\"article:modified_time\" content=\"2026-01-30T15:48:42+00:00\" \/>\n<meta property=\"og:image\" content=\"https:\/\/signaletik.ca\/wp-content\/uploads\/2023\/02\/IMG_1590-scaled.jpg\" \/>\n\t<meta property=\"og:image:width\" content=\"1920\" \/>\n\t<meta property=\"og:image:height\" content=\"1440\" \/>\n\t<meta property=\"og:image:type\" content=\"image\/jpeg\" \/>\n<meta name=\"twitter:card\" content=\"summary_large_image\" \/>\n<meta name=\"twitter:label1\" content=\"Est. reading time\" \/>\n\t<meta name=\"twitter:data1\" content=\"3 minutes\" \/>\n<script type=\"application\/ld+json\" class=\"yoast-schema-graph\">{\"@context\":\"https:\\\/\\\/schema.org\",\"@graph\":[{\"@type\":\"WebPage\",\"@id\":\"https:\\\/\\\/signaletik.ca\\\/en\\\/privacy-policy\\\/\",\"url\":\"https:\\\/\\\/signaletik.ca\\\/en\\\/privacy-policy\\\/\",\"name\":\"Privacy Policy - Signal\u00e9tik\",\"isPartOf\":{\"@id\":\"https:\\\/\\\/signaletik.ca\\\/#website\"},\"datePublished\":\"2023-08-31T18:53:08+00:00\",\"dateModified\":\"2026-01-30T15:48:42+00:00\",\"description\":\"Signal\u00e9tik Updated: June 1, 2025 Signal\u00e9tik is subject to the Act respecting the protection of personal information in the private sector. We take privacy\",\"breadcrumb\":{\"@id\":\"https:\\\/\\\/signaletik.ca\\\/en\\\/privacy-policy\\\/#breadcrumb\"},\"inLanguage\":\"en-US\",\"potentialAction\":[{\"@type\":\"ReadAction\",\"target\":[\"https:\\\/\\\/signaletik.ca\\\/en\\\/privacy-policy\\\/\"]}]},{\"@type\":\"BreadcrumbList\",\"@id\":\"https:\\\/\\\/signaletik.ca\\\/en\\\/privacy-policy\\\/#breadcrumb\",\"itemListElement\":[{\"@type\":\"ListItem\",\"position\":1,\"name\":\"Accueil\",\"item\":\"https:\\\/\\\/signaletik.ca\\\/en\\\/\"},{\"@type\":\"ListItem\",\"position\":2,\"name\":\"Privacy Policy\"}]},{\"@type\":\"WebSite\",\"@id\":\"https:\\\/\\\/signaletik.ca\\\/#website\",\"url\":\"https:\\\/\\\/signaletik.ca\\\/\",\"name\":\"Signal\u00e9tik\",\"description\":\"Assurer votre s\u00e9curit\u00e9, peu importe votre route.\",\"potentialAction\":[{\"@type\":\"SearchAction\",\"target\":{\"@type\":\"EntryPoint\",\"urlTemplate\":\"https:\\\/\\\/signaletik.ca\\\/?s={search_term_string}\"},\"query-input\":{\"@type\":\"PropertyValueSpecification\",\"valueRequired\":true,\"valueName\":\"search_term_string\"}}],\"inLanguage\":\"en-US\"}]}<\/script>\n<!-- \/ Yoast SEO plugin. -->","yoast_head_json":{"title":"Privacy Policy - Signal\u00e9tik","description":"Signal\u00e9tik Updated: June 1, 2025 Signal\u00e9tik is subject to the Act respecting the protection of personal information in the private sector. We take privacy","robots":{"index":"index","follow":"follow","max-snippet":"max-snippet:-1","max-image-preview":"max-image-preview:large","max-video-preview":"max-video-preview:-1"},"canonical":"https:\/\/signaletik.ca\/en\/privacy-policy\/","og_locale":"en_US","og_type":"article","og_title":"Privacy Policy - Signal\u00e9tik","og_description":"Signal\u00e9tik Updated: June 1, 2025 Signal\u00e9tik is subject to the Act respecting the protection of personal information in the private sector. We take privacy","og_url":"https:\/\/signaletik.ca\/en\/privacy-policy\/","og_site_name":"Signal\u00e9tik","article_modified_time":"2026-01-30T15:48:42+00:00","og_image":[{"width":1920,"height":1440,"url":"https:\/\/signaletik.ca\/wp-content\/uploads\/2023\/02\/IMG_1590-scaled.jpg","type":"image\/jpeg"}],"twitter_card":"summary_large_image","twitter_misc":{"Est. reading time":"3 minutes"},"schema":{"@context":"https:\/\/schema.org","@graph":[{"@type":"WebPage","@id":"https:\/\/signaletik.ca\/en\/privacy-policy\/","url":"https:\/\/signaletik.ca\/en\/privacy-policy\/","name":"Privacy Policy - Signal\u00e9tik","isPartOf":{"@id":"https:\/\/signaletik.ca\/#website"},"datePublished":"2023-08-31T18:53:08+00:00","dateModified":"2026-01-30T15:48:42+00:00","description":"Signal\u00e9tik Updated: June 1, 2025 Signal\u00e9tik is subject to the Act respecting the protection of personal information in the private sector. We take privacy","breadcrumb":{"@id":"https:\/\/signaletik.ca\/en\/privacy-policy\/#breadcrumb"},"inLanguage":"en-US","potentialAction":[{"@type":"ReadAction","target":["https:\/\/signaletik.ca\/en\/privacy-policy\/"]}]},{"@type":"BreadcrumbList","@id":"https:\/\/signaletik.ca\/en\/privacy-policy\/#breadcrumb","itemListElement":[{"@type":"ListItem","position":1,"name":"Accueil","item":"https:\/\/signaletik.ca\/en\/"},{"@type":"ListItem","position":2,"name":"Privacy Policy"}]},{"@type":"WebSite","@id":"https:\/\/signaletik.ca\/#website","url":"https:\/\/signaletik.ca\/","name":"Signal\u00e9tik","description":"Assurer votre s\u00e9curit\u00e9, peu importe votre route.","potentialAction":[{"@type":"SearchAction","target":{"@type":"EntryPoint","urlTemplate":"https:\/\/signaletik.ca\/?s={search_term_string}"},"query-input":{"@type":"PropertyValueSpecification","valueRequired":true,"valueName":"search_term_string"}}],"inLanguage":"en-US"}]}},"_links":{"self":[{"href":"https:\/\/signaletik.ca\/en\/wp-json\/wp\/v2\/pages\/763","targetHints":{"allow":["GET"]}}],"collection":[{"href":"https:\/\/signaletik.ca\/en\/wp-json\/wp\/v2\/pages"}],"about":[{"href":"https:\/\/signaletik.ca\/en\/wp-json\/wp\/v2\/types\/page"}],"author":[{"embeddable":true,"href":"https:\/\/signaletik.ca\/en\/wp-json\/wp\/v2\/users\/1"}],"replies":[{"embeddable":true,"href":"https:\/\/signaletik.ca\/en\/wp-json\/wp\/v2\/comments?post=763"}],"version-history":[{"count":8,"href":"https:\/\/signaletik.ca\/en\/wp-json\/wp\/v2\/pages\/763\/revisions"}],"predecessor-version":[{"id":894,"href":"https:\/\/signaletik.ca\/en\/wp-json\/wp\/v2\/pages\/763\/revisions\/894"}],"wp:attachment":[{"href":"https:\/\/signaletik.ca\/en\/wp-json\/wp\/v2\/media?parent=763"}],"curies":[{"name":"wp","href":"https:\/\/api.w.org\/{rel}","templated":true}]}}